{"id":18892,"date":"2021-07-01T16:00:44","date_gmt":"2021-07-01T14:00:44","guid":{"rendered":"https:\/\/www.pierregoursat.com\/temat\/temat-zycie-braterskie\/documents-complementaires\/"},"modified":"2022-10-13T15:28:17","modified_gmt":"2022-10-13T13:28:17","slug":"nauczanie-wspolnota","status":"publish","type":"page","link":"https:\/\/www.pierregoursat.com\/pl\/temat\/temat-zycie-braterskie\/nauczanie-wspolnota\/","title":{"rendered":"Nauczanie &#8211; Wsp\u00f3lnota"},"content":{"rendered":"\t\t<div data-elementor-type=\"wp-page\" data-elementor-id=\"18892\" class=\"elementor elementor-18892\" data-elementor-post-type=\"page\">\n\t\t\t\t\t\t<section class=\"elementor-section elementor-top-section elementor-element elementor-element-41d27b84 elementor-section-boxed elementor-section-height-default elementor-section-height-default\" data-id=\"41d27b84\" data-element_type=\"section\" data-e-type=\"section\">\n\t\t\t\t\t\t<div class=\"elementor-container elementor-column-gap-default\">\n\t\t\t\t\t<div class=\"elementor-column elementor-col-100 elementor-top-column elementor-element elementor-element-478664c5\" data-id=\"478664c5\" data-element_type=\"column\" data-e-type=\"column\">\n\t\t\t<div class=\"elementor-widget-wrap elementor-element-populated\">\n\t\t\t\t\t\t<div class=\"elementor-element elementor-element-46cdaa6c retourtheme elementor-widget elementor-widget-heading\" data-id=\"46cdaa6c\" data-element_type=\"widget\" data-e-type=\"widget\" data-widget_type=\"heading.default\">\n\t\t\t\t<div class=\"elementor-widget-container\">\n\t\t\t\t\t<p class=\"elementor-heading-title elementor-size-large\"><a href=\"https:\/\/www.pierregoursat.com\/pl\/temat\/temat-zycie-braterskie\/\">POWR\u00d3T<\/a><\/p>\t\t\t\t<\/div>\n\t\t\t\t<\/div>\n\t\t\t\t<div class=\"elementor-element elementor-element-645bda42 elementor-widget elementor-widget-heading\" data-id=\"645bda42\" data-element_type=\"widget\" data-e-type=\"widget\" data-widget_type=\"heading.default\">\n\t\t\t\t<div class=\"elementor-widget-container\">\n\t\t\t\t\t<h2 class=\"elementor-heading-title elementor-size-default\">DODATKOWE MATERIA\u0141Y<br><strong style=\"color:#dda831\">\u017bYCIE BRATERSKIE<\/strong><\/h2>\t\t\t\t<\/div>\n\t\t\t\t<\/div>\n\t\t\t\t\t<\/div>\n\t\t<\/div>\n\t\t\t\t\t<\/div>\n\t\t<\/section>\n\t\t\t\t<section class=\"elementor-section elementor-top-section elementor-element elementor-element-240f66ba elementor-section-boxed elementor-section-height-default elementor-section-height-default\" data-id=\"240f66ba\" data-element_type=\"section\" data-e-type=\"section\">\n\t\t\t\t\t\t<div class=\"elementor-container elementor-column-gap-default\">\n\t\t\t\t\t<div class=\"elementor-column elementor-col-100 elementor-top-column elementor-element elementor-element-2b366332\" data-id=\"2b366332\" data-element_type=\"column\" data-e-type=\"column\">\n\t\t\t<div class=\"elementor-widget-wrap elementor-element-populated\">\n\t\t\t\t\t\t<div class=\"elementor-element elementor-element-2c155ff3 elementor-nav-menu__align-justify elementor-nav-menu--dropdown-tablet elementor-nav-menu__text-align-aside elementor-nav-menu--toggle elementor-nav-menu--burger elementor-widget elementor-widget-nav-menu\" data-id=\"2c155ff3\" data-element_type=\"widget\" data-e-type=\"widget\" data-settings=\"{&quot;layout&quot;:&quot;horizontal&quot;,&quot;submenu_icon&quot;:{&quot;value&quot;:&quot;&lt;i class=\\&quot;fas fa-caret-down\\&quot; aria-hidden=\\&quot;true\\&quot;&gt;&lt;\\\/i&gt;&quot;,&quot;library&quot;:&quot;fa-solid&quot;},&quot;toggle&quot;:&quot;burger&quot;}\" data-widget_type=\"nav-menu.default\">\n\t\t\t\t<div class=\"elementor-widget-container\">\n\t\t\t\t\t\t\t\t<nav aria-label=\"Menu\" class=\"elementor-nav-menu--main elementor-nav-menu__container elementor-nav-menu--layout-horizontal e--pointer-none\">\n\t\t\t\t<ul id=\"menu-1-2c155ff3\" class=\"elementor-nav-menu\"><li class=\"menu-item menu-item-type-post_type menu-item-object-page menu-item-4899\"><a href=\"https:\/\/www.pierregoursat.com\/themes\/theme-vie-fraternelle\/paroles-de-pierre\/\" title=\"Paroles de Pierre sur la Vie Fraternelle\" class=\"elementor-item\">S\u0142owa Piotra<\/a><\/li>\n<li class=\"menu-item menu-item-type-post_type menu-item-object-page menu-item-4898\"><a href=\"https:\/\/www.pierregoursat.com\/themes\/theme-vie-fraternelle\/enseignements-pierre\/\" title=\"Enseignements de Pierre sur la Vie Fraternelle\" class=\"elementor-item\">Nauczanie Piotra<\/a><\/li>\n<li class=\"menu-item menu-item-type-post_type menu-item-object-page menu-item-4897\"><a href=\"https:\/\/www.pierregoursat.com\/themes\/theme-vie-fraternelle\/documents-complementaires\/\" title=\"Documents compl\u00e9mentaires sur la Vie Fraternelle\" class=\"elementor-item\">Nauczanie &#8211; Wsp\u00f3lnota<\/a><\/li>\n<\/ul>\t\t\t<\/nav>\n\t\t\t\t\t<div class=\"elementor-menu-toggle\" role=\"button\" tabindex=\"0\" aria-label=\"Menu Toggle\" aria-expanded=\"false\">\n\t\t\t<i aria-hidden=\"true\" role=\"presentation\" class=\"elementor-menu-toggle__icon--open eicon-menu-bar\"><\/i><i aria-hidden=\"true\" role=\"presentation\" class=\"elementor-menu-toggle__icon--close eicon-close\"><\/i>\t\t<\/div>\n\t\t\t\t\t<nav class=\"elementor-nav-menu--dropdown elementor-nav-menu__container\" aria-hidden=\"true\">\n\t\t\t\t<ul id=\"menu-2-2c155ff3\" class=\"elementor-nav-menu\"><li class=\"menu-item menu-item-type-post_type menu-item-object-page menu-item-4899\"><a href=\"https:\/\/www.pierregoursat.com\/themes\/theme-vie-fraternelle\/paroles-de-pierre\/\" title=\"Paroles de Pierre sur la Vie Fraternelle\" class=\"elementor-item\" tabindex=\"-1\">S\u0142owa Piotra<\/a><\/li>\n<li class=\"menu-item menu-item-type-post_type menu-item-object-page menu-item-4898\"><a href=\"https:\/\/www.pierregoursat.com\/themes\/theme-vie-fraternelle\/enseignements-pierre\/\" title=\"Enseignements de Pierre sur la Vie Fraternelle\" class=\"elementor-item\" tabindex=\"-1\">Nauczanie Piotra<\/a><\/li>\n<li class=\"menu-item menu-item-type-post_type menu-item-object-page menu-item-4897\"><a href=\"https:\/\/www.pierregoursat.com\/themes\/theme-vie-fraternelle\/documents-complementaires\/\" title=\"Documents compl\u00e9mentaires sur la Vie Fraternelle\" class=\"elementor-item\" tabindex=\"-1\">Nauczanie &#8211; Wsp\u00f3lnota<\/a><\/li>\n<\/ul>\t\t\t<\/nav>\n\t\t\t\t\t\t<\/div>\n\t\t\t\t<\/div>\n\t\t\t\t\t<\/div>\n\t\t<\/div>\n\t\t\t\t\t<\/div>\n\t\t<\/section>\n\t\t\t\t<section class=\"elementor-section elementor-top-section elementor-element elementor-element-7f04e079 elementor-section-content-top elementor-section-boxed elementor-section-height-default elementor-section-height-default\" data-id=\"7f04e079\" data-element_type=\"section\" data-e-type=\"section\">\n\t\t\t\t\t\t<div class=\"elementor-container elementor-column-gap-no\">\n\t\t\t\t\t<div class=\"elementor-column elementor-col-100 elementor-top-column elementor-element elementor-element-1de128e\" data-id=\"1de128e\" data-element_type=\"column\" data-e-type=\"column\">\n\t\t\t<div class=\"elementor-widget-wrap elementor-element-populated\">\n\t\t\t\t\t\t<div class=\"elementor-element elementor-element-c99f82b elementor-widget elementor-widget-heading\" data-id=\"c99f82b\" data-element_type=\"widget\" data-e-type=\"widget\" data-widget_type=\"heading.default\">\n\t\t\t\t<div class=\"elementor-widget-container\">\n\t\t\t\t\t<h3 class=\"elementor-heading-title elementor-size-default\">Pierre et la vie fraternelle<\/h3>\t\t\t\t<\/div>\n\t\t\t\t<\/div>\n\t\t\t\t<div class=\"elementor-element elementor-element-491f940 titreorbatton elementor-widget elementor-widget-heading\" data-id=\"491f940\" data-element_type=\"widget\" data-e-type=\"widget\" data-widget_type=\"heading.default\">\n\t\t\t\t<div class=\"elementor-widget-container\">\n\t\t\t\t\t<p class=\"elementor-heading-title elementor-size-default\">\u00c9lisabeth Baranger<\/p>\t\t\t\t<\/div>\n\t\t\t\t<\/div>\n\t\t\t\t<div class=\"elementor-element elementor-element-154c1526 elementor-widget elementor-widget-text-editor\" data-id=\"154c1526\" data-element_type=\"widget\" data-e-type=\"widget\" data-widget_type=\"text-editor.default\">\n\t\t\t\t<div class=\"elementor-widget-container\">\n\t\t\t\t\t\t\t\t\t<p>Le th\u00e8me de votre ann\u00e9e est \u00ab la vie fraternelle \u00bb. Pierre Goursat peut beaucoup nous aider, car c\u2019est<br \/>un point qui, comme on le verra, lui tenait tr\u00e8s \u00e0 c\u0153ur. Il peut nous aider \u00e0 la fois par sa pri\u00e8re, par son<br \/>exemple et par l\u2019enseignement qu\u2019il a transmis \u00e0 la Communaut\u00e9. Je m\u2019appuierai sur les petits topos<br \/>qu\u2019il nous a donn\u00e9s, et aussi sur les t\u00e9moignages que nous avons recueillis de fr\u00e8res qui l\u2019ont c\u00f4toy\u00e9.<\/p>\t\t\t\t\t\t\t\t<\/div>\n\t\t\t\t<\/div>\n\t\t\t\t<div class=\"elementor-element elementor-element-35378dff elementor-icon-list--layout-inline elementor-list-item-link-full_width elementor-widget elementor-widget-icon-list\" data-id=\"35378dff\" data-element_type=\"widget\" data-e-type=\"widget\" data-widget_type=\"icon-list.default\">\n\t\t\t\t<div class=\"elementor-widget-container\">\n\t\t\t\t\t\t\t<ul class=\"elementor-icon-list-items elementor-inline-items\">\n\t\t\t\t\t\t\t<li class=\"elementor-icon-list-item elementor-inline-item\">\n\t\t\t\t\t\t\t\t\t\t\t<a href=\"https:\/\/www.pierregoursat.com\/asset\/PDF\/documents\/07_pierre_et_vie_fraternelle_elisabeth_baranger.pdf\" target=\"_blank\">\n\n\t\t\t\t\t\t\t\t\t\t\t\t<span class=\"elementor-icon-list-icon\">\n\t\t\t\t\t\t\t<i aria-hidden=\"true\" class=\"fas fa-download\"><\/i>\t\t\t\t\t\t<\/span>\n\t\t\t\t\t\t\t\t\t\t<span class=\"elementor-icon-list-text\">TELECHARGER LE DOCUMENT<\/span>\n\t\t\t\t\t\t\t\t\t\t\t<\/a>\n\t\t\t\t\t\t\t\t\t<\/li>\n\t\t\t\t\t\t<\/ul>\n\t\t\t\t\t\t<\/div>\n\t\t\t\t<\/div>\n\t\t\t\t\t<\/div>\n\t\t<\/div>\n\t\t\t\t\t<\/div>\n\t\t<\/section>\n\t\t\t\t<section class=\"elementor-section elementor-top-section elementor-element elementor-element-514c845e elementor-section-content-top elementor-section-boxed elementor-section-height-default elementor-section-height-default\" data-id=\"514c845e\" data-element_type=\"section\" data-e-type=\"section\">\n\t\t\t\t\t\t<div class=\"elementor-container elementor-column-gap-no\">\n\t\t\t\t\t<div class=\"elementor-column elementor-col-100 elementor-top-column elementor-element elementor-element-53ee8d7\" data-id=\"53ee8d7\" data-element_type=\"column\" data-e-type=\"column\">\n\t\t\t<div class=\"elementor-widget-wrap elementor-element-populated\">\n\t\t\t\t\t\t<div class=\"elementor-element elementor-element-46c1145e elementor-widget elementor-widget-spacer\" data-id=\"46c1145e\" data-element_type=\"widget\" data-e-type=\"widget\" data-widget_type=\"spacer.default\">\n\t\t\t\t<div class=\"elementor-widget-container\">\n\t\t\t\t\t\t\t<div class=\"elementor-spacer\">\n\t\t\t<div class=\"elementor-spacer-inner\"><\/div>\n\t\t<\/div>\n\t\t\t\t\t\t<\/div>\n\t\t\t\t<\/div>\n\t\t\t\t<div class=\"elementor-element elementor-element-724c1187 elementor-widget elementor-widget-heading\" data-id=\"724c1187\" data-element_type=\"widget\" data-e-type=\"widget\" data-widget_type=\"heading.default\">\n\t\t\t\t<div class=\"elementor-widget-container\">\n\t\t\t\t\t<h3 class=\"elementor-heading-title elementor-size-default\">Vivre et grandir ensemble,\nen Communaut\u00e9, dans la charit\u00e9<\/h3>\t\t\t\t<\/div>\n\t\t\t\t<\/div>\n\t\t\t\t<div class=\"elementor-element elementor-element-a57b032 titreorbatton elementor-widget elementor-widget-heading\" data-id=\"a57b032\" data-element_type=\"widget\" data-e-type=\"widget\" data-widget_type=\"heading.default\">\n\t\t\t\t<div class=\"elementor-widget-container\">\n\t\t\t\t\t<p class=\"elementor-heading-title elementor-size-default\">Martine Catta<\/p>\t\t\t\t<\/div>\n\t\t\t\t<\/div>\n\t\t\t\t<div class=\"elementor-element elementor-element-37c2d604 elementor-widget elementor-widget-text-editor\" data-id=\"37c2d604\" data-element_type=\"widget\" data-e-type=\"widget\" data-widget_type=\"text-editor.default\">\n\t\t\t\t<div class=\"elementor-widget-container\">\n\t\t\t\t\t\t\t\t\tNous qui, par le bapt\u00eame, avons \u00e9t\u00e9 plong\u00e9s dans la mort et la r\u00e9surrection du Christ, nous sommes\nparticipants, dans l\u2019Eglise, du peuple de Dieu, un peuple de louange \u00e0 la gloire du P\u00e8re. Avec tant\nd\u2019autres, nous sommes fils du P\u00e8re et fr\u00e8res du Christ ; et \u00ab l\u2019amour de Dieu a \u00e9t\u00e9 r\u00e9pandu dans nos\nc\u0153urs par l\u2019Esprit Saint qui nous a \u00e9t\u00e9 donn\u00e9 \u00bb (Rm 5,5).\t\t\t\t\t\t\t\t<\/div>\n\t\t\t\t<\/div>\n\t\t\t\t<div class=\"elementor-element elementor-element-62d07557 elementor-icon-list--layout-inline elementor-list-item-link-full_width elementor-widget elementor-widget-icon-list\" data-id=\"62d07557\" data-element_type=\"widget\" data-e-type=\"widget\" data-widget_type=\"icon-list.default\">\n\t\t\t\t<div class=\"elementor-widget-container\">\n\t\t\t\t\t\t\t<ul class=\"elementor-icon-list-items elementor-inline-items\">\n\t\t\t\t\t\t\t<li class=\"elementor-icon-list-item elementor-inline-item\">\n\t\t\t\t\t\t\t\t\t\t\t<a href=\"https:\/\/www.pierregoursat.com\/asset\/PDF\/documents\/07_vivre_grandir_vie_fraternelle_M_catta.pdf\" target=\"_blank\">\n\n\t\t\t\t\t\t\t\t\t\t\t\t<span class=\"elementor-icon-list-icon\">\n\t\t\t\t\t\t\t<i aria-hidden=\"true\" class=\"fas fa-download\"><\/i>\t\t\t\t\t\t<\/span>\n\t\t\t\t\t\t\t\t\t\t<span class=\"elementor-icon-list-text\">TELECHARGER LE DOCUMENT<\/span>\n\t\t\t\t\t\t\t\t\t\t\t<\/a>\n\t\t\t\t\t\t\t\t\t<\/li>\n\t\t\t\t\t\t<\/ul>\n\t\t\t\t\t\t<\/div>\n\t\t\t\t<\/div>\n\t\t\t\t\t<\/div>\n\t\t<\/div>\n\t\t\t\t\t<\/div>\n\t\t<\/section>\n\t\t\t\t<section class=\"elementor-section elementor-top-section elementor-element elementor-element-181421b5 elementor-section-content-top elementor-section-boxed elementor-section-height-default elementor-section-height-default\" data-id=\"181421b5\" data-element_type=\"section\" data-e-type=\"section\">\n\t\t\t\t\t\t<div class=\"elementor-container elementor-column-gap-no\">\n\t\t\t\t\t<div class=\"elementor-column elementor-col-100 elementor-top-column elementor-element elementor-element-68999f5c\" data-id=\"68999f5c\" data-element_type=\"column\" data-e-type=\"column\">\n\t\t\t<div class=\"elementor-widget-wrap elementor-element-populated\">\n\t\t\t\t\t\t<div class=\"elementor-element elementor-element-26da3aa8 elementor-widget elementor-widget-spacer\" data-id=\"26da3aa8\" data-element_type=\"widget\" data-e-type=\"widget\" data-widget_type=\"spacer.default\">\n\t\t\t\t<div class=\"elementor-widget-container\">\n\t\t\t\t\t\t\t<div class=\"elementor-spacer\">\n\t\t\t<div class=\"elementor-spacer-inner\"><\/div>\n\t\t<\/div>\n\t\t\t\t\t\t<\/div>\n\t\t\t\t<\/div>\n\t\t\t\t<div class=\"elementor-element elementor-element-1f9014d7 elementor-widget elementor-widget-heading\" data-id=\"1f9014d7\" data-element_type=\"widget\" data-e-type=\"widget\" data-widget_type=\"heading.default\">\n\t\t\t\t<div class=\"elementor-widget-container\">\n\t\t\t\t\t<h3 class=\"elementor-heading-title elementor-size-default\">\u00e0 propos de Pierre Goursat<\/h3>\t\t\t\t<\/div>\n\t\t\t\t<\/div>\n\t\t\t\t<div class=\"elementor-element elementor-element-4d67948 titreorbatton elementor-widget elementor-widget-heading\" data-id=\"4d67948\" data-element_type=\"widget\" data-e-type=\"widget\" data-widget_type=\"heading.default\">\n\t\t\t\t<div class=\"elementor-widget-container\">\n\t\t\t\t\t<p class=\"elementor-heading-title elementor-size-default\">Entretien avec le Cardinal Andr\u00e9 Vingt-Trois<\/p>\t\t\t\t<\/div>\n\t\t\t\t<\/div>\n\t\t\t\t<div class=\"elementor-element elementor-element-ca40bb2 elementor-widget elementor-widget-video\" data-id=\"ca40bb2\" data-element_type=\"widget\" data-e-type=\"widget\" data-settings=\"{&quot;youtube_url&quot;:&quot;https:\\\/\\\/www.youtube.com\\\/watch?v=wou0p6LNwuY&quot;,&quot;video_type&quot;:&quot;youtube&quot;,&quot;controls&quot;:&quot;yes&quot;}\" data-widget_type=\"video.default\">\n\t\t\t\t<div class=\"elementor-widget-container\">\n\t\t\t\t\t\t\t<div class=\"elementor-wrapper elementor-open-inline\">\n\t\t\t<div class=\"elementor-video\"><\/div>\t\t<\/div>\n\t\t\t\t\t\t<\/div>\n\t\t\t\t<\/div>\n\t\t\t\t<div class=\"elementor-element elementor-element-3e39b023 elementor-widget elementor-widget-spacer\" data-id=\"3e39b023\" data-element_type=\"widget\" data-e-type=\"widget\" data-widget_type=\"spacer.default\">\n\t\t\t\t<div class=\"elementor-widget-container\">\n\t\t\t\t\t\t\t<div class=\"elementor-spacer\">\n\t\t\t<div class=\"elementor-spacer-inner\"><\/div>\n\t\t<\/div>\n\t\t\t\t\t\t<\/div>\n\t\t\t\t<\/div>\n\t\t\t\t\t<\/div>\n\t\t<\/div>\n\t\t\t\t\t<\/div>\n\t\t<\/section>\n\t\t\t\t<\/div>\n\t\t","protected":false},"excerpt":{"rendered":"<p>POWR\u00d3T DODATKOWE MATERIA\u0141Y\u017bYCIE BRATERSKIE Pierre et la vie fraternelle \u00c9lisabeth Baranger Le th\u00e8me de votre ann\u00e9e est \u00ab la vie fraternelle \u00bb. Pierre Goursat peut beaucoup nous aider, car c\u2019estun point qui, comme on le verra, lui tenait tr\u00e8s \u00e0 c\u0153ur. Il peut nous aider \u00e0 la fois par sa pri\u00e8re, par sonexemple et par [&hellip;]<\/p>\n","protected":false},"author":1,"featured_media":0,"parent":4069,"menu_order":0,"comment_status":"closed","ping_status":"closed","template":"","meta":{"_acf_changed":false,"footnotes":""},"class_list":["post-18892","page","type-page","status-publish","hentry"],"acf":[],"yoast_head":"<!-- This site is optimized with the Yoast SEO plugin v27.4 - https:\/\/yoast.com\/product\/yoast-seo-wordpress\/ -->\n<title>Nauczanie - Wsp\u00f3lnota - Pierre Goursat et Ses Fr\u00e8res et Soeurs<\/title>\n<meta name=\"robots\" content=\"index, follow, max-snippet:-1, max-image-preview:large, max-video-preview:-1\" \/>\n<link rel=\"canonical\" href=\"https:\/\/www.pierregoursat.com\/pl\/temat\/temat-zycie-braterskie\/nauczanie-wspolnota\/\" \/>\n<meta property=\"og:locale\" content=\"pl_PL\" \/>\n<meta property=\"og:type\" content=\"article\" \/>\n<meta property=\"og:title\" content=\"Nauczanie - Wsp\u00f3lnota - Pierre Goursat et Ses Fr\u00e8res et Soeurs\" \/>\n<meta property=\"og:description\" content=\"POWR\u00d3T DODATKOWE MATERIA\u0141Y\u017bYCIE BRATERSKIE Pierre et la vie fraternelle \u00c9lisabeth Baranger Le th\u00e8me de votre ann\u00e9e est \u00ab la vie fraternelle \u00bb. Pierre Goursat peut beaucoup nous aider, car c\u2019estun point qui, comme on le verra, lui tenait tr\u00e8s \u00e0 c\u0153ur. Il peut nous aider \u00e0 la fois par sa pri\u00e8re, par sonexemple et par [&hellip;]\" \/>\n<meta property=\"og:url\" content=\"https:\/\/www.pierregoursat.com\/pl\/temat\/temat-zycie-braterskie\/nauczanie-wspolnota\/\" \/>\n<meta property=\"og:site_name\" content=\"Pierre Goursat et Ses Fr\u00e8res et Soeurs\" \/>\n<meta property=\"article:modified_time\" content=\"2022-10-13T13:28:17+00:00\" \/>\n<meta name=\"twitter:card\" content=\"summary_large_image\" \/>\n<meta name=\"twitter:label1\" content=\"Szacowany czas czytania\" \/>\n\t<meta name=\"twitter:data1\" content=\"2 minuty\" \/>\n<script type=\"application\/ld+json\" class=\"yoast-schema-graph\">{\"@context\":\"https:\\\/\\\/schema.org\",\"@graph\":[{\"@type\":\"WebPage\",\"@id\":\"https:\\\/\\\/www.pierregoursat.com\\\/pl\\\/temat\\\/temat-zycie-braterskie\\\/nauczanie-wspolnota\\\/\",\"url\":\"https:\\\/\\\/www.pierregoursat.com\\\/pl\\\/temat\\\/temat-zycie-braterskie\\\/nauczanie-wspolnota\\\/\",\"name\":\"Nauczanie - Wsp\u00f3lnota - Pierre Goursat et Ses Fr\u00e8res et Soeurs\",\"isPartOf\":{\"@id\":\"https:\\\/\\\/www.pierregoursat.com\\\/#website\"},\"datePublished\":\"2021-07-01T14:00:44+00:00\",\"dateModified\":\"2022-10-13T13:28:17+00:00\",\"breadcrumb\":{\"@id\":\"https:\\\/\\\/www.pierregoursat.com\\\/pl\\\/temat\\\/temat-zycie-braterskie\\\/nauczanie-wspolnota\\\/#breadcrumb\"},\"inLanguage\":\"pl-PL\",\"potentialAction\":[{\"@type\":\"ReadAction\",\"target\":[\"https:\\\/\\\/www.pierregoursat.com\\\/pl\\\/temat\\\/temat-zycie-braterskie\\\/nauczanie-wspolnota\\\/\"]}]},{\"@type\":\"BreadcrumbList\",\"@id\":\"https:\\\/\\\/www.pierregoursat.com\\\/pl\\\/temat\\\/temat-zycie-braterskie\\\/nauczanie-wspolnota\\\/#breadcrumb\",\"itemListElement\":[{\"@type\":\"ListItem\",\"position\":1,\"name\":\"Accueil\",\"item\":\"https:\\\/\\\/www.pierregoursat.com\\\/pl\\\/\"},{\"@type\":\"ListItem\",\"position\":2,\"name\":\"Temat\",\"item\":\"https:\\\/\\\/www.pierregoursat.com\\\/pl\\\/temat\\\/\"},{\"@type\":\"ListItem\",\"position\":3,\"name\":\"\u017bycie braterskie\",\"item\":\"https:\\\/\\\/www.pierregoursat.com\\\/pl\\\/temat\\\/temat-zycie-braterskie\\\/\"},{\"@type\":\"ListItem\",\"position\":4,\"name\":\"Nauczanie &#8211; Wsp\u00f3lnota\"}]},{\"@type\":\"WebSite\",\"@id\":\"https:\\\/\\\/www.pierregoursat.com\\\/#website\",\"url\":\"https:\\\/\\\/www.pierregoursat.com\\\/\",\"name\":\"Pierre Goursat et Ses Fr\u00e8res et Soeurs\",\"description\":\"Laissez vous transformer en plongeant au c\u0153ur de la gr\u00e2ce fondatrice de la communaut\u00e9 de l\u2019Emmanuel\",\"publisher\":{\"@id\":\"https:\\\/\\\/www.pierregoursat.com\\\/#organization\"},\"potentialAction\":[{\"@type\":\"SearchAction\",\"target\":{\"@type\":\"EntryPoint\",\"urlTemplate\":\"https:\\\/\\\/www.pierregoursat.com\\\/?s={search_term_string}\"},\"query-input\":{\"@type\":\"PropertyValueSpecification\",\"valueRequired\":true,\"valueName\":\"search_term_string\"}}],\"inLanguage\":\"pl-PL\"},{\"@type\":\"Organization\",\"@id\":\"https:\\\/\\\/www.pierregoursat.com\\\/#organization\",\"name\":\"Pierre Goursat, ses Fr\u00e8res et ses Soeurs\",\"url\":\"https:\\\/\\\/www.pierregoursat.com\\\/\",\"logo\":{\"@type\":\"ImageObject\",\"inLanguage\":\"pl-PL\",\"@id\":\"https:\\\/\\\/www.pierregoursat.com\\\/#\\\/schema\\\/logo\\\/image\\\/\",\"url\":\"https:\\\/\\\/www.pierregoursat.com\\\/images-pierre-goursatmedias\\\/2022\\\/02\\\/1200x800-Compassion.jpg\",\"contentUrl\":\"https:\\\/\\\/www.pierregoursat.com\\\/images-pierre-goursatmedias\\\/2022\\\/02\\\/1200x800-Compassion.jpg\",\"width\":1200,\"height\":800,\"caption\":\"Pierre Goursat, ses Fr\u00e8res et ses Soeurs\"},\"image\":{\"@id\":\"https:\\\/\\\/www.pierregoursat.com\\\/#\\\/schema\\\/logo\\\/image\\\/\"}}]}<\/script>\n<!-- \/ Yoast SEO plugin. -->","yoast_head_json":{"title":"Nauczanie - Wsp\u00f3lnota - Pierre Goursat et Ses Fr\u00e8res et Soeurs","robots":{"index":"index","follow":"follow","max-snippet":"max-snippet:-1","max-image-preview":"max-image-preview:large","max-video-preview":"max-video-preview:-1"},"canonical":"https:\/\/www.pierregoursat.com\/pl\/temat\/temat-zycie-braterskie\/nauczanie-wspolnota\/","og_locale":"pl_PL","og_type":"article","og_title":"Nauczanie - Wsp\u00f3lnota - Pierre Goursat et Ses Fr\u00e8res et Soeurs","og_description":"POWR\u00d3T DODATKOWE MATERIA\u0141Y\u017bYCIE BRATERSKIE Pierre et la vie fraternelle \u00c9lisabeth Baranger Le th\u00e8me de votre ann\u00e9e est \u00ab la vie fraternelle \u00bb. Pierre Goursat peut beaucoup nous aider, car c\u2019estun point qui, comme on le verra, lui tenait tr\u00e8s \u00e0 c\u0153ur. Il peut nous aider \u00e0 la fois par sa pri\u00e8re, par sonexemple et par [&hellip;]","og_url":"https:\/\/www.pierregoursat.com\/pl\/temat\/temat-zycie-braterskie\/nauczanie-wspolnota\/","og_site_name":"Pierre Goursat et Ses Fr\u00e8res et Soeurs","article_modified_time":"2022-10-13T13:28:17+00:00","twitter_card":"summary_large_image","twitter_misc":{"Szacowany czas czytania":"2 minuty"},"schema":{"@context":"https:\/\/schema.org","@graph":[{"@type":"WebPage","@id":"https:\/\/www.pierregoursat.com\/pl\/temat\/temat-zycie-braterskie\/nauczanie-wspolnota\/","url":"https:\/\/www.pierregoursat.com\/pl\/temat\/temat-zycie-braterskie\/nauczanie-wspolnota\/","name":"Nauczanie - Wsp\u00f3lnota - Pierre Goursat et Ses Fr\u00e8res et Soeurs","isPartOf":{"@id":"https:\/\/www.pierregoursat.com\/#website"},"datePublished":"2021-07-01T14:00:44+00:00","dateModified":"2022-10-13T13:28:17+00:00","breadcrumb":{"@id":"https:\/\/www.pierregoursat.com\/pl\/temat\/temat-zycie-braterskie\/nauczanie-wspolnota\/#breadcrumb"},"inLanguage":"pl-PL","potentialAction":[{"@type":"ReadAction","target":["https:\/\/www.pierregoursat.com\/pl\/temat\/temat-zycie-braterskie\/nauczanie-wspolnota\/"]}]},{"@type":"BreadcrumbList","@id":"https:\/\/www.pierregoursat.com\/pl\/temat\/temat-zycie-braterskie\/nauczanie-wspolnota\/#breadcrumb","itemListElement":[{"@type":"ListItem","position":1,"name":"Accueil","item":"https:\/\/www.pierregoursat.com\/pl\/"},{"@type":"ListItem","position":2,"name":"Temat","item":"https:\/\/www.pierregoursat.com\/pl\/temat\/"},{"@type":"ListItem","position":3,"name":"\u017bycie braterskie","item":"https:\/\/www.pierregoursat.com\/pl\/temat\/temat-zycie-braterskie\/"},{"@type":"ListItem","position":4,"name":"Nauczanie &#8211; Wsp\u00f3lnota"}]},{"@type":"WebSite","@id":"https:\/\/www.pierregoursat.com\/#website","url":"https:\/\/www.pierregoursat.com\/","name":"Pierre Goursat et Ses Fr\u00e8res et Soeurs","description":"Laissez vous transformer en plongeant au c\u0153ur de la gr\u00e2ce fondatrice de la communaut\u00e9 de l\u2019Emmanuel","publisher":{"@id":"https:\/\/www.pierregoursat.com\/#organization"},"potentialAction":[{"@type":"SearchAction","target":{"@type":"EntryPoint","urlTemplate":"https:\/\/www.pierregoursat.com\/?s={search_term_string}"},"query-input":{"@type":"PropertyValueSpecification","valueRequired":true,"valueName":"search_term_string"}}],"inLanguage":"pl-PL"},{"@type":"Organization","@id":"https:\/\/www.pierregoursat.com\/#organization","name":"Pierre Goursat, ses Fr\u00e8res et ses Soeurs","url":"https:\/\/www.pierregoursat.com\/","logo":{"@type":"ImageObject","inLanguage":"pl-PL","@id":"https:\/\/www.pierregoursat.com\/#\/schema\/logo\/image\/","url":"https:\/\/www.pierregoursat.com\/images-pierre-goursatmedias\/2022\/02\/1200x800-Compassion.jpg","contentUrl":"https:\/\/www.pierregoursat.com\/images-pierre-goursatmedias\/2022\/02\/1200x800-Compassion.jpg","width":1200,"height":800,"caption":"Pierre Goursat, ses Fr\u00e8res et ses Soeurs"},"image":{"@id":"https:\/\/www.pierregoursat.com\/#\/schema\/logo\/image\/"}}]}},"_links":{"self":[{"href":"https:\/\/www.pierregoursat.com\/pl\/wp-json\/wp\/v2\/pages\/18892","targetHints":{"allow":["GET"]}}],"collection":[{"href":"https:\/\/www.pierregoursat.com\/pl\/wp-json\/wp\/v2\/pages"}],"about":[{"href":"https:\/\/www.pierregoursat.com\/pl\/wp-json\/wp\/v2\/types\/page"}],"author":[{"embeddable":true,"href":"https:\/\/www.pierregoursat.com\/pl\/wp-json\/wp\/v2\/users\/1"}],"replies":[{"embeddable":true,"href":"https:\/\/www.pierregoursat.com\/pl\/wp-json\/wp\/v2\/comments?post=18892"}],"version-history":[{"count":0,"href":"https:\/\/www.pierregoursat.com\/pl\/wp-json\/wp\/v2\/pages\/18892\/revisions"}],"up":[{"embeddable":true,"href":"https:\/\/www.pierregoursat.com\/pl\/wp-json\/wp\/v2\/pages\/4069"}],"wp:attachment":[{"href":"https:\/\/www.pierregoursat.com\/pl\/wp-json\/wp\/v2\/media?parent=18892"}],"curies":[{"name":"wp","href":"https:\/\/api.w.org\/{rel}","templated":true}]}}