{"id":14992,"date":"2021-12-02T16:04:26","date_gmt":"2021-12-02T15:04:26","guid":{"rendered":"https:\/\/www.pierregoursat.com\/reperes\/"},"modified":"2022-06-27T10:59:05","modified_gmt":"2022-06-27T08:59:05","slug":"punkty-orientacyjne","status":"publish","type":"page","link":"https:\/\/www.pierregoursat.com\/pl\/punkty-orientacyjne\/","title":{"rendered":"Punkty orientacyjne"},"content":{"rendered":"\t\t<div data-elementor-type=\"wp-page\" data-elementor-id=\"14992\" class=\"elementor elementor-14992\" data-elementor-post-type=\"page\">\n\t\t\t\t\t\t<section class=\"elementor-section elementor-top-section elementor-element elementor-element-be378de animated-slow elementor-section-full_width elementor-section-height-default elementor-section-height-default elementor-invisible\" data-id=\"be378de\" data-element_type=\"section\" data-e-type=\"section\" data-settings=\"{&quot;animation&quot;:&quot;fadeIn&quot;}\">\n\t\t\t\t\t\t<div class=\"elementor-container elementor-column-gap-default\">\n\t\t\t\t\t<div class=\"elementor-column elementor-col-100 elementor-top-column elementor-element elementor-element-c257510\" data-id=\"c257510\" data-element_type=\"column\" data-e-type=\"column\">\n\t\t\t<div class=\"elementor-widget-wrap elementor-element-populated\">\n\t\t\t\t\t\t<div class=\"elementor-element elementor-element-7748c40 elementor-nav-menu__align-center elementor-nav-menu--dropdown-tablet elementor-nav-menu__text-align-aside elementor-nav-menu--toggle elementor-nav-menu--burger elementor-widget elementor-widget-nav-menu\" data-id=\"7748c40\" data-element_type=\"widget\" data-e-type=\"widget\" data-settings=\"{&quot;layout&quot;:&quot;horizontal&quot;,&quot;submenu_icon&quot;:{&quot;value&quot;:&quot;&lt;i class=\\&quot;fas fa-caret-down\\&quot; aria-hidden=\\&quot;true\\&quot;&gt;&lt;\\\/i&gt;&quot;,&quot;library&quot;:&quot;fa-solid&quot;},&quot;toggle&quot;:&quot;burger&quot;}\" data-widget_type=\"nav-menu.default\">\n\t\t\t\t<div class=\"elementor-widget-container\">\n\t\t\t\t\t\t\t\t<nav aria-label=\"Menu\" class=\"elementor-nav-menu--main elementor-nav-menu__container elementor-nav-menu--layout-horizontal e--pointer-none\">\n\t\t\t\t<ul id=\"menu-1-7748c40\" class=\"elementor-nav-menu\"><li class=\"menu-item menu-item-type-post_type menu-item-object-page menu-item-2907\"><a href=\"https:\/\/www.pierregoursat.com\/reperes\/cause-de-pierre-goursat\/\" class=\"elementor-item\">PROCES BEATYFIKACYJNY<\/a><\/li>\n<li class=\"menu-item menu-item-type-post_type menu-item-object-page menu-item-12501\"><a href=\"https:\/\/www.pierregoursat.com\/reperes\/biographie-pierre-goursat\/\" class=\"elementor-item\">\u017bYCIE PIOTRA GOURSAT<\/a><\/li>\n<li class=\"menu-item menu-item-type-post_type menu-item-object-page menu-item-2982\"><a href=\"https:\/\/www.pierregoursat.com\/reperes\/visite360\/\" class=\"elementor-item\">WIZYTA ON-LINE<\/a><\/li>\n<li class=\"menu-item menu-item-type-post_type menu-item-object-page menu-item-2908\"><a href=\"https:\/\/www.pierregoursat.com\/reperes\/priere\/\" class=\"elementor-item\">MODLITWA<\/a><\/li>\n<\/ul>\t\t\t<\/nav>\n\t\t\t\t\t<div class=\"elementor-menu-toggle\" role=\"button\" tabindex=\"0\" aria-label=\"Menu Toggle\" aria-expanded=\"false\">\n\t\t\t<i aria-hidden=\"true\" role=\"presentation\" class=\"elementor-menu-toggle__icon--open eicon-menu-bar\"><\/i><i aria-hidden=\"true\" role=\"presentation\" class=\"elementor-menu-toggle__icon--close eicon-close\"><\/i>\t\t<\/div>\n\t\t\t\t\t<nav class=\"elementor-nav-menu--dropdown elementor-nav-menu__container\" aria-hidden=\"true\">\n\t\t\t\t<ul id=\"menu-2-7748c40\" class=\"elementor-nav-menu\"><li class=\"menu-item menu-item-type-post_type menu-item-object-page menu-item-2907\"><a href=\"https:\/\/www.pierregoursat.com\/reperes\/cause-de-pierre-goursat\/\" class=\"elementor-item\" tabindex=\"-1\">PROCES BEATYFIKACYJNY<\/a><\/li>\n<li class=\"menu-item menu-item-type-post_type menu-item-object-page menu-item-12501\"><a href=\"https:\/\/www.pierregoursat.com\/reperes\/biographie-pierre-goursat\/\" class=\"elementor-item\" tabindex=\"-1\">\u017bYCIE PIOTRA GOURSAT<\/a><\/li>\n<li class=\"menu-item menu-item-type-post_type menu-item-object-page menu-item-2982\"><a href=\"https:\/\/www.pierregoursat.com\/reperes\/visite360\/\" class=\"elementor-item\" tabindex=\"-1\">WIZYTA ON-LINE<\/a><\/li>\n<li class=\"menu-item menu-item-type-post_type menu-item-object-page menu-item-2908\"><a href=\"https:\/\/www.pierregoursat.com\/reperes\/priere\/\" class=\"elementor-item\" tabindex=\"-1\">MODLITWA<\/a><\/li>\n<\/ul>\t\t\t<\/nav>\n\t\t\t\t\t\t<\/div>\n\t\t\t\t<\/div>\n\t\t\t\t\t<\/div>\n\t\t<\/div>\n\t\t\t\t\t<\/div>\n\t\t<\/section>\n\t\t\t\t<section class=\"elementor-section elementor-top-section elementor-element elementor-element-46f9b999 elementor-section-boxed elementor-section-height-default elementor-section-height-default\" data-id=\"46f9b999\" data-element_type=\"section\" data-e-type=\"section\" data-settings=\"{&quot;background_background&quot;:&quot;classic&quot;}\">\n\t\t\t\t\t\t<div class=\"elementor-container elementor-column-gap-default\">\n\t\t\t\t\t<div class=\"elementor-column elementor-col-50 elementor-top-column elementor-element elementor-element-64acba2b\" data-id=\"64acba2b\" data-element_type=\"column\" data-e-type=\"column\">\n\t\t\t<div class=\"elementor-widget-wrap elementor-element-populated\">\n\t\t\t\t\t\t<div class=\"elementor-element elementor-element-4553f3a5 elementor-widget elementor-widget-image\" data-id=\"4553f3a5\" data-element_type=\"widget\" data-e-type=\"widget\" data-widget_type=\"image.default\">\n\t\t\t\t<div class=\"elementor-widget-container\">\n\t\t\t\t\t\t\t\t\t\t\t\t\t\t\t\t<a href=\"https:\/\/www.pierregoursat.com\/pl\/punkty-orientacyjne\/chronologia-procesu-kanonizacyjnego\/\">\n\t\t\t\t\t\t\t<img fetchpriority=\"high\" decoding=\"async\" width=\"768\" height=\"512\" src=\"https:\/\/www.pierregoursat.com\/images-pierre-goursatmedias\/2022\/01\/cause-pierre.jpg\" class=\"attachment-large size-large wp-image-6833\" alt=\"\" srcset=\"https:\/\/www.pierregoursat.com\/images-pierre-goursatmedias\/2022\/01\/cause-pierre.jpg 768w, https:\/\/www.pierregoursat.com\/images-pierre-goursatmedias\/2022\/01\/cause-pierre-300x200.jpg 300w\" sizes=\"(max-width: 768px) 100vw, 768px\" \/>\t\t\t\t\t\t\t\t<\/a>\n\t\t\t\t\t\t\t\t\t\t\t\t\t\t\t<\/div>\n\t\t\t\t<\/div>\n\t\t\t\t<div class=\"elementor-element elementor-element-336b3b30 elementor-widget elementor-widget-heading\" data-id=\"336b3b30\" data-element_type=\"widget\" data-e-type=\"widget\" cta-theme-home=\"\" data-widget_type=\"heading.default\">\n\t\t\t\t<div class=\"elementor-widget-container\">\n\t\t\t\t\t<h4 class=\"elementor-heading-title elementor-size-default\"><a href=\"https:\/\/www.pierregoursat.com\/pl\/punkty-orientacyjne\/chronologia-procesu-kanonizacyjnego\/\">cause<\/a><\/h4>\t\t\t\t<\/div>\n\t\t\t\t<\/div>\n\t\t\t\t\t<\/div>\n\t\t<\/div>\n\t\t\t\t<div class=\"elementor-column elementor-col-50 elementor-top-column elementor-element elementor-element-6aca6ca3\" data-id=\"6aca6ca3\" data-element_type=\"column\" data-e-type=\"column\">\n\t\t\t<div class=\"elementor-widget-wrap elementor-element-populated\">\n\t\t\t\t\t\t<div class=\"elementor-element elementor-element-6545a6a8 elementor-widget elementor-widget-image\" data-id=\"6545a6a8\" data-element_type=\"widget\" data-e-type=\"widget\" data-widget_type=\"image.default\">\n\t\t\t\t<div class=\"elementor-widget-container\">\n\t\t\t\t\t\t\t\t\t\t\t\t\t\t\t\t<a href=\"https:\/\/www.pierregoursat.com\/pl\/punkty-orientacyjne\/najwazniejsze-momenty-z-zycia-piotra-goursat-i-jego-braci\/\">\n\t\t\t\t\t\t\t<img decoding=\"async\" width=\"800\" height=\"534\" src=\"https:\/\/www.pierregoursat.com\/images-pierre-goursatmedias\/2021\/12\/1200x800-humilte-1024x683.jpg\" class=\"attachment-large size-large wp-image-2712\" alt=\"\" srcset=\"https:\/\/www.pierregoursat.com\/images-pierre-goursatmedias\/2021\/12\/1200x800-humilte-1024x683.jpg 1024w, https:\/\/www.pierregoursat.com\/images-pierre-goursatmedias\/2021\/12\/1200x800-humilte-300x200.jpg 300w, https:\/\/www.pierregoursat.com\/images-pierre-goursatmedias\/2021\/12\/1200x800-humilte-768x512.jpg 768w, https:\/\/www.pierregoursat.com\/images-pierre-goursatmedias\/2021\/12\/1200x800-humilte.jpg 1200w\" sizes=\"(max-width: 800px) 100vw, 800px\" \/>\t\t\t\t\t\t\t\t<\/a>\n\t\t\t\t\t\t\t\t\t\t\t\t\t\t\t<\/div>\n\t\t\t\t<\/div>\n\t\t\t\t<div class=\"elementor-element elementor-element-68354f0a elementor-widget elementor-widget-heading\" data-id=\"68354f0a\" data-element_type=\"widget\" data-e-type=\"widget\" data-widget_type=\"heading.default\">\n\t\t\t\t<div class=\"elementor-widget-container\">\n\t\t\t\t\t<h4 class=\"elementor-heading-title elementor-size-default\"><a href=\"https:\/\/www.pierregoursat.com\/pl\/punkty-orientacyjne\/najwazniejsze-momenty-z-zycia-piotra-goursat-i-jego-braci\/\">\u017bycie Piotra Goursat <\/a><\/h4>\t\t\t\t<\/div>\n\t\t\t\t<\/div>\n\t\t\t\t\t<\/div>\n\t\t<\/div>\n\t\t\t\t\t<\/div>\n\t\t<\/section>\n\t\t\t\t<section class=\"elementor-section elementor-top-section elementor-element elementor-element-1411382 elementor-section-boxed elementor-section-height-default elementor-section-height-default\" data-id=\"1411382\" data-element_type=\"section\" data-e-type=\"section\" data-settings=\"{&quot;background_background&quot;:&quot;classic&quot;}\">\n\t\t\t\t\t\t<div class=\"elementor-container elementor-column-gap-default\">\n\t\t\t\t\t<div class=\"elementor-column elementor-col-50 elementor-top-column elementor-element elementor-element-99805a9\" data-id=\"99805a9\" data-element_type=\"column\" data-e-type=\"column\">\n\t\t\t<div class=\"elementor-widget-wrap elementor-element-populated\">\n\t\t\t\t\t\t<div class=\"elementor-element elementor-element-b9f6626 elementor-widget elementor-widget-image\" data-id=\"b9f6626\" data-element_type=\"widget\" data-e-type=\"widget\" data-widget_type=\"image.default\">\n\t\t\t\t<div class=\"elementor-widget-container\">\n\t\t\t\t\t\t\t\t\t\t\t\t\t\t\t\t<a href=\"https:\/\/www.pierregoursat.com\/pl\/punkty-orientacyjne\/modl-sie\/\">\n\t\t\t\t\t\t\t<img decoding=\"async\" width=\"800\" height=\"534\" src=\"https:\/\/www.pierregoursat.com\/images-pierre-goursatmedias\/2021\/12\/1200x800-humilte-1024x683.jpg\" class=\"attachment-large size-large wp-image-2712\" alt=\"\" srcset=\"https:\/\/www.pierregoursat.com\/images-pierre-goursatmedias\/2021\/12\/1200x800-humilte-1024x683.jpg 1024w, https:\/\/www.pierregoursat.com\/images-pierre-goursatmedias\/2021\/12\/1200x800-humilte-300x200.jpg 300w, https:\/\/www.pierregoursat.com\/images-pierre-goursatmedias\/2021\/12\/1200x800-humilte-768x512.jpg 768w, https:\/\/www.pierregoursat.com\/images-pierre-goursatmedias\/2021\/12\/1200x800-humilte.jpg 1200w\" sizes=\"(max-width: 800px) 100vw, 800px\" \/>\t\t\t\t\t\t\t\t<\/a>\n\t\t\t\t\t\t\t\t\t\t\t\t\t\t\t<\/div>\n\t\t\t\t<\/div>\n\t\t\t\t<div class=\"elementor-element elementor-element-6c71f89 elementor-widget elementor-widget-heading\" data-id=\"6c71f89\" data-element_type=\"widget\" data-e-type=\"widget\" cta-theme-home=\"\" data-widget_type=\"heading.default\">\n\t\t\t\t<div class=\"elementor-widget-container\">\n\t\t\t\t\t<h4 class=\"elementor-heading-title elementor-size-default\"><a href=\"https:\/\/www.pierregoursat.com\/pl\/punkty-orientacyjne\/modl-sie\/\">prier<\/a><\/h4>\t\t\t\t<\/div>\n\t\t\t\t<\/div>\n\t\t\t\t\t<\/div>\n\t\t<\/div>\n\t\t\t\t<div class=\"elementor-column elementor-col-50 elementor-top-column elementor-element elementor-element-6bb3537\" data-id=\"6bb3537\" data-element_type=\"column\" data-e-type=\"column\">\n\t\t\t<div class=\"elementor-widget-wrap elementor-element-populated\">\n\t\t\t\t\t\t<div class=\"elementor-element elementor-element-526df6a elementor-widget elementor-widget-image\" data-id=\"526df6a\" data-element_type=\"widget\" data-e-type=\"widget\" data-widget_type=\"image.default\">\n\t\t\t\t<div class=\"elementor-widget-container\">\n\t\t\t\t\t\t\t\t\t\t\t\t\t\t\t\t<a href=\"https:\/\/www.pierregoursat.com\/pl\/punkty-orientacyjne\/zwiedzanie360\/\">\n\t\t\t\t\t\t\t<img decoding=\"async\" width=\"800\" height=\"534\" src=\"https:\/\/www.pierregoursat.com\/images-pierre-goursatmedias\/2021\/12\/1200x800-humilte-1024x683.jpg\" class=\"attachment-large size-large wp-image-2712\" alt=\"\" srcset=\"https:\/\/www.pierregoursat.com\/images-pierre-goursatmedias\/2021\/12\/1200x800-humilte-1024x683.jpg 1024w, https:\/\/www.pierregoursat.com\/images-pierre-goursatmedias\/2021\/12\/1200x800-humilte-300x200.jpg 300w, https:\/\/www.pierregoursat.com\/images-pierre-goursatmedias\/2021\/12\/1200x800-humilte-768x512.jpg 768w, https:\/\/www.pierregoursat.com\/images-pierre-goursatmedias\/2021\/12\/1200x800-humilte.jpg 1200w\" sizes=\"(max-width: 800px) 100vw, 800px\" \/>\t\t\t\t\t\t\t\t<\/a>\n\t\t\t\t\t\t\t\t\t\t\t\t\t\t\t<\/div>\n\t\t\t\t<\/div>\n\t\t\t\t<div class=\"elementor-element elementor-element-ab77312 elementor-widget elementor-widget-heading\" data-id=\"ab77312\" data-element_type=\"widget\" data-e-type=\"widget\" data-widget_type=\"heading.default\">\n\t\t\t\t<div class=\"elementor-widget-container\">\n\t\t\t\t\t<h4 class=\"elementor-heading-title elementor-size-default\"><a href=\"https:\/\/www.pierregoursat.com\/pl\/punkty-orientacyjne\/zwiedzanie360\/\">Visite \u00e0 360\u00b0<\/a><\/h4>\t\t\t\t<\/div>\n\t\t\t\t<\/div>\n\t\t\t\t\t<\/div>\n\t\t<\/div>\n\t\t\t\t\t<\/div>\n\t\t<\/section>\n\t\t\t\t<\/div>\n\t\t","protected":false},"excerpt":{"rendered":"<p>cause \u017bycie Piotra Goursat prier Visite \u00e0 360\u00b0<\/p>\n","protected":false},"author":1,"featured_media":0,"parent":0,"menu_order":0,"comment_status":"closed","ping_status":"closed","template":"","meta":{"_acf_changed":false,"footnotes":""},"class_list":["post-14992","page","type-page","status-publish","hentry"],"acf":[],"yoast_head":"<!-- This site is optimized with the Yoast SEO plugin v27.3 - https:\/\/yoast.com\/product\/yoast-seo-wordpress\/ -->\n<title>Punkty orientacyjne - Pierre Goursat et Ses Fr\u00e8res et Soeurs<\/title>\n<meta name=\"robots\" content=\"index, follow, max-snippet:-1, max-image-preview:large, max-video-preview:-1\" \/>\n<link rel=\"canonical\" href=\"https:\/\/www.pierregoursat.com\/pl\/punkty-orientacyjne\/\" \/>\n<meta property=\"og:locale\" content=\"pl_PL\" \/>\n<meta property=\"og:type\" content=\"article\" \/>\n<meta property=\"og:title\" content=\"Punkty orientacyjne - Pierre Goursat et Ses Fr\u00e8res et Soeurs\" \/>\n<meta property=\"og:description\" content=\"cause \u017bycie Piotra Goursat prier Visite \u00e0 360\u00b0\" \/>\n<meta property=\"og:url\" content=\"https:\/\/www.pierregoursat.com\/pl\/punkty-orientacyjne\/\" \/>\n<meta property=\"og:site_name\" content=\"Pierre Goursat et Ses Fr\u00e8res et Soeurs\" \/>\n<meta property=\"article:modified_time\" content=\"2022-06-27T08:59:05+00:00\" \/>\n<meta property=\"og:image\" content=\"https:\/\/www.pierregoursat.com\/images-pierre-goursatmedias\/2022\/01\/cause-pierre.jpg\" \/>\n<meta name=\"twitter:card\" content=\"summary_large_image\" \/>\n<meta name=\"twitter:label1\" content=\"Szacowany czas czytania\" \/>\n\t<meta name=\"twitter:data1\" content=\"1 minuta\" \/>\n<script type=\"application\/ld+json\" class=\"yoast-schema-graph\">{\"@context\":\"https:\\\/\\\/schema.org\",\"@graph\":[{\"@type\":\"WebPage\",\"@id\":\"https:\\\/\\\/www.pierregoursat.com\\\/pl\\\/punkty-orientacyjne\\\/\",\"url\":\"https:\\\/\\\/www.pierregoursat.com\\\/pl\\\/punkty-orientacyjne\\\/\",\"name\":\"Punkty orientacyjne - Pierre Goursat et Ses Fr\u00e8res et Soeurs\",\"isPartOf\":{\"@id\":\"https:\\\/\\\/www.pierregoursat.com\\\/#website\"},\"primaryImageOfPage\":{\"@id\":\"https:\\\/\\\/www.pierregoursat.com\\\/pl\\\/punkty-orientacyjne\\\/#primaryimage\"},\"image\":{\"@id\":\"https:\\\/\\\/www.pierregoursat.com\\\/pl\\\/punkty-orientacyjne\\\/#primaryimage\"},\"thumbnailUrl\":\"https:\\\/\\\/www.pierregoursat.com\\\/images-pierre-goursatmedias\\\/2022\\\/01\\\/cause-pierre.jpg\",\"datePublished\":\"2021-12-02T15:04:26+00:00\",\"dateModified\":\"2022-06-27T08:59:05+00:00\",\"breadcrumb\":{\"@id\":\"https:\\\/\\\/www.pierregoursat.com\\\/pl\\\/punkty-orientacyjne\\\/#breadcrumb\"},\"inLanguage\":\"pl-PL\",\"potentialAction\":[{\"@type\":\"ReadAction\",\"target\":[\"https:\\\/\\\/www.pierregoursat.com\\\/pl\\\/punkty-orientacyjne\\\/\"]}]},{\"@type\":\"ImageObject\",\"inLanguage\":\"pl-PL\",\"@id\":\"https:\\\/\\\/www.pierregoursat.com\\\/pl\\\/punkty-orientacyjne\\\/#primaryimage\",\"url\":\"https:\\\/\\\/www.pierregoursat.com\\\/images-pierre-goursatmedias\\\/2022\\\/01\\\/cause-pierre.jpg\",\"contentUrl\":\"https:\\\/\\\/www.pierregoursat.com\\\/images-pierre-goursatmedias\\\/2022\\\/01\\\/cause-pierre.jpg\"},{\"@type\":\"BreadcrumbList\",\"@id\":\"https:\\\/\\\/www.pierregoursat.com\\\/pl\\\/punkty-orientacyjne\\\/#breadcrumb\",\"itemListElement\":[{\"@type\":\"ListItem\",\"position\":1,\"name\":\"Accueil\",\"item\":\"https:\\\/\\\/www.pierregoursat.com\\\/pl\\\/\"},{\"@type\":\"ListItem\",\"position\":2,\"name\":\"Punkty orientacyjne\"}]},{\"@type\":\"WebSite\",\"@id\":\"https:\\\/\\\/www.pierregoursat.com\\\/#website\",\"url\":\"https:\\\/\\\/www.pierregoursat.com\\\/\",\"name\":\"Pierre Goursat et Ses Fr\u00e8res et Soeurs\",\"description\":\"Laissez vous transformer en plongeant au c\u0153ur de la gr\u00e2ce fondatrice de la communaut\u00e9 de l\u2019Emmanuel\",\"publisher\":{\"@id\":\"https:\\\/\\\/www.pierregoursat.com\\\/#organization\"},\"potentialAction\":[{\"@type\":\"SearchAction\",\"target\":{\"@type\":\"EntryPoint\",\"urlTemplate\":\"https:\\\/\\\/www.pierregoursat.com\\\/?s={search_term_string}\"},\"query-input\":{\"@type\":\"PropertyValueSpecification\",\"valueRequired\":true,\"valueName\":\"search_term_string\"}}],\"inLanguage\":\"pl-PL\"},{\"@type\":\"Organization\",\"@id\":\"https:\\\/\\\/www.pierregoursat.com\\\/#organization\",\"name\":\"Pierre Goursat, ses Fr\u00e8res et ses Soeurs\",\"url\":\"https:\\\/\\\/www.pierregoursat.com\\\/\",\"logo\":{\"@type\":\"ImageObject\",\"inLanguage\":\"pl-PL\",\"@id\":\"https:\\\/\\\/www.pierregoursat.com\\\/#\\\/schema\\\/logo\\\/image\\\/\",\"url\":\"https:\\\/\\\/www.pierregoursat.com\\\/images-pierre-goursatmedias\\\/2022\\\/02\\\/1200x800-Compassion.jpg\",\"contentUrl\":\"https:\\\/\\\/www.pierregoursat.com\\\/images-pierre-goursatmedias\\\/2022\\\/02\\\/1200x800-Compassion.jpg\",\"width\":1200,\"height\":800,\"caption\":\"Pierre Goursat, ses Fr\u00e8res et ses Soeurs\"},\"image\":{\"@id\":\"https:\\\/\\\/www.pierregoursat.com\\\/#\\\/schema\\\/logo\\\/image\\\/\"}}]}<\/script>\n<!-- \/ Yoast SEO plugin. -->","yoast_head_json":{"title":"Punkty orientacyjne - Pierre Goursat et Ses Fr\u00e8res et Soeurs","robots":{"index":"index","follow":"follow","max-snippet":"max-snippet:-1","max-image-preview":"max-image-preview:large","max-video-preview":"max-video-preview:-1"},"canonical":"https:\/\/www.pierregoursat.com\/pl\/punkty-orientacyjne\/","og_locale":"pl_PL","og_type":"article","og_title":"Punkty orientacyjne - Pierre Goursat et Ses Fr\u00e8res et Soeurs","og_description":"cause \u017bycie Piotra Goursat prier Visite \u00e0 360\u00b0","og_url":"https:\/\/www.pierregoursat.com\/pl\/punkty-orientacyjne\/","og_site_name":"Pierre Goursat et Ses Fr\u00e8res et Soeurs","article_modified_time":"2022-06-27T08:59:05+00:00","og_image":[{"url":"https:\/\/www.pierregoursat.com\/images-pierre-goursatmedias\/2022\/01\/cause-pierre.jpg","type":"","width":"","height":""}],"twitter_card":"summary_large_image","twitter_misc":{"Szacowany czas czytania":"1 minuta"},"schema":{"@context":"https:\/\/schema.org","@graph":[{"@type":"WebPage","@id":"https:\/\/www.pierregoursat.com\/pl\/punkty-orientacyjne\/","url":"https:\/\/www.pierregoursat.com\/pl\/punkty-orientacyjne\/","name":"Punkty orientacyjne - Pierre Goursat et Ses Fr\u00e8res et Soeurs","isPartOf":{"@id":"https:\/\/www.pierregoursat.com\/#website"},"primaryImageOfPage":{"@id":"https:\/\/www.pierregoursat.com\/pl\/punkty-orientacyjne\/#primaryimage"},"image":{"@id":"https:\/\/www.pierregoursat.com\/pl\/punkty-orientacyjne\/#primaryimage"},"thumbnailUrl":"https:\/\/www.pierregoursat.com\/images-pierre-goursatmedias\/2022\/01\/cause-pierre.jpg","datePublished":"2021-12-02T15:04:26+00:00","dateModified":"2022-06-27T08:59:05+00:00","breadcrumb":{"@id":"https:\/\/www.pierregoursat.com\/pl\/punkty-orientacyjne\/#breadcrumb"},"inLanguage":"pl-PL","potentialAction":[{"@type":"ReadAction","target":["https:\/\/www.pierregoursat.com\/pl\/punkty-orientacyjne\/"]}]},{"@type":"ImageObject","inLanguage":"pl-PL","@id":"https:\/\/www.pierregoursat.com\/pl\/punkty-orientacyjne\/#primaryimage","url":"https:\/\/www.pierregoursat.com\/images-pierre-goursatmedias\/2022\/01\/cause-pierre.jpg","contentUrl":"https:\/\/www.pierregoursat.com\/images-pierre-goursatmedias\/2022\/01\/cause-pierre.jpg"},{"@type":"BreadcrumbList","@id":"https:\/\/www.pierregoursat.com\/pl\/punkty-orientacyjne\/#breadcrumb","itemListElement":[{"@type":"ListItem","position":1,"name":"Accueil","item":"https:\/\/www.pierregoursat.com\/pl\/"},{"@type":"ListItem","position":2,"name":"Punkty orientacyjne"}]},{"@type":"WebSite","@id":"https:\/\/www.pierregoursat.com\/#website","url":"https:\/\/www.pierregoursat.com\/","name":"Pierre Goursat et Ses Fr\u00e8res et Soeurs","description":"Laissez vous transformer en plongeant au c\u0153ur de la gr\u00e2ce fondatrice de la communaut\u00e9 de l\u2019Emmanuel","publisher":{"@id":"https:\/\/www.pierregoursat.com\/#organization"},"potentialAction":[{"@type":"SearchAction","target":{"@type":"EntryPoint","urlTemplate":"https:\/\/www.pierregoursat.com\/?s={search_term_string}"},"query-input":{"@type":"PropertyValueSpecification","valueRequired":true,"valueName":"search_term_string"}}],"inLanguage":"pl-PL"},{"@type":"Organization","@id":"https:\/\/www.pierregoursat.com\/#organization","name":"Pierre Goursat, ses Fr\u00e8res et ses Soeurs","url":"https:\/\/www.pierregoursat.com\/","logo":{"@type":"ImageObject","inLanguage":"pl-PL","@id":"https:\/\/www.pierregoursat.com\/#\/schema\/logo\/image\/","url":"https:\/\/www.pierregoursat.com\/images-pierre-goursatmedias\/2022\/02\/1200x800-Compassion.jpg","contentUrl":"https:\/\/www.pierregoursat.com\/images-pierre-goursatmedias\/2022\/02\/1200x800-Compassion.jpg","width":1200,"height":800,"caption":"Pierre Goursat, ses Fr\u00e8res et ses Soeurs"},"image":{"@id":"https:\/\/www.pierregoursat.com\/#\/schema\/logo\/image\/"}}]}},"_links":{"self":[{"href":"https:\/\/www.pierregoursat.com\/pl\/wp-json\/wp\/v2\/pages\/14992","targetHints":{"allow":["GET"]}}],"collection":[{"href":"https:\/\/www.pierregoursat.com\/pl\/wp-json\/wp\/v2\/pages"}],"about":[{"href":"https:\/\/www.pierregoursat.com\/pl\/wp-json\/wp\/v2\/types\/page"}],"author":[{"embeddable":true,"href":"https:\/\/www.pierregoursat.com\/pl\/wp-json\/wp\/v2\/users\/1"}],"replies":[{"embeddable":true,"href":"https:\/\/www.pierregoursat.com\/pl\/wp-json\/wp\/v2\/comments?post=14992"}],"version-history":[{"count":0,"href":"https:\/\/www.pierregoursat.com\/pl\/wp-json\/wp\/v2\/pages\/14992\/revisions"}],"wp:attachment":[{"href":"https:\/\/www.pierregoursat.com\/pl\/wp-json\/wp\/v2\/media?parent=14992"}],"curies":[{"name":"wp","href":"https:\/\/api.w.org\/{rel}","templated":true}]}}