{"id":18356,"date":"2021-07-01T16:00:33","date_gmt":"2021-07-01T14:00:33","guid":{"rendered":"https:\/\/www.pierregoursat.com\/topics\/topic-fraternal-life\/enseignements-pierre\/"},"modified":"2023-12-19T11:50:17","modified_gmt":"2023-12-19T10:50:17","slug":"teachings-of-pierre-on-fraternal-life","status":"publish","type":"page","link":"https:\/\/www.pierregoursat.com\/en\/topics\/topic-fraternal-life\/teachings-of-pierre-on-fraternal-life\/","title":{"rendered":"Teachings of Pierre"},"content":{"rendered":"\t\t<div data-elementor-type=\"wp-page\" data-elementor-id=\"18356\" class=\"elementor elementor-18356\" data-elementor-post-type=\"page\">\n\t\t\t\t\t\t<section class=\"elementor-section elementor-top-section elementor-element elementor-element-228c52b elementor-section-boxed elementor-section-height-default elementor-section-height-default\" data-id=\"228c52b\" data-element_type=\"section\" data-e-type=\"section\">\n\t\t\t\t\t\t<div class=\"elementor-container elementor-column-gap-default\">\n\t\t\t\t\t<div class=\"elementor-column elementor-col-100 elementor-top-column elementor-element elementor-element-3a9ce9c2\" data-id=\"3a9ce9c2\" data-element_type=\"column\" data-e-type=\"column\">\n\t\t\t<div class=\"elementor-widget-wrap elementor-element-populated\">\n\t\t\t\t\t\t<div class=\"elementor-element elementor-element-2f9b39cc retourtheme elementor-widget elementor-widget-heading\" data-id=\"2f9b39cc\" data-element_type=\"widget\" data-e-type=\"widget\" data-widget_type=\"heading.default\">\n\t\t\t\t<div class=\"elementor-widget-container\">\n\t\t\t\t\t<p class=\"elementor-heading-title elementor-size-large\"><a href=\"https:\/\/www.pierregoursat.com\/en\/topics\/topic-fraternal-life\/\">fraternal life<\/a><\/p>\t\t\t\t<\/div>\n\t\t\t\t<\/div>\n\t\t\t\t<div class=\"elementor-element elementor-element-41c413b9 elementor-widget elementor-widget-heading\" data-id=\"41c413b9\" data-element_type=\"widget\" data-e-type=\"widget\" data-widget_type=\"heading.default\">\n\t\t\t\t<div class=\"elementor-widget-container\">\n\t\t\t\t\t<h2 class=\"elementor-heading-title elementor-size-default\">Teachings of Pierre Goursat<br><strong style=\"color:#dda831\">on Fraternal life <\/strong><br \/>\nIn translation<\/h2>\t\t\t\t<\/div>\n\t\t\t\t<\/div>\n\t\t\t\t\t<\/div>\n\t\t<\/div>\n\t\t\t\t\t<\/div>\n\t\t<\/section>\n\t\t\t\t<section class=\"elementor-section elementor-top-section elementor-element elementor-element-353294bb elementor-section-boxed elementor-section-height-default elementor-section-height-default\" data-id=\"353294bb\" data-element_type=\"section\" data-e-type=\"section\">\n\t\t\t\t\t\t<div class=\"elementor-container elementor-column-gap-default\">\n\t\t\t\t\t<div class=\"elementor-column elementor-col-100 elementor-top-column elementor-element elementor-element-25607f2b\" data-id=\"25607f2b\" data-element_type=\"column\" data-e-type=\"column\">\n\t\t\t<div class=\"elementor-widget-wrap elementor-element-populated\">\n\t\t\t\t\t\t<div class=\"elementor-element elementor-element-38892d5f elementor-nav-menu__align-justify elementor-nav-menu--dropdown-tablet elementor-nav-menu__text-align-aside elementor-nav-menu--toggle elementor-nav-menu--burger elementor-widget elementor-widget-nav-menu\" data-id=\"38892d5f\" data-element_type=\"widget\" data-e-type=\"widget\" data-settings=\"{&quot;layout&quot;:&quot;horizontal&quot;,&quot;submenu_icon&quot;:{&quot;value&quot;:&quot;&lt;i class=\\&quot;fas fa-caret-down\\&quot; aria-hidden=\\&quot;true\\&quot;&gt;&lt;\\\/i&gt;&quot;,&quot;library&quot;:&quot;fa-solid&quot;},&quot;toggle&quot;:&quot;burger&quot;}\" data-widget_type=\"nav-menu.default\">\n\t\t\t\t<div class=\"elementor-widget-container\">\n\t\t\t\t\t\t\t\t<nav aria-label=\"Menu\" class=\"elementor-nav-menu--main elementor-nav-menu__container elementor-nav-menu--layout-horizontal e--pointer-none\">\n\t\t\t\t<ul id=\"menu-1-38892d5f\" class=\"elementor-nav-menu\"><li class=\"menu-item menu-item-type-post_type menu-item-object-page menu-item-4899\"><a href=\"https:\/\/www.pierregoursat.com\/themes\/theme-vie-fraternelle\/paroles-de-pierre\/\" title=\"Paroles de Pierre sur la Vie Fraternelle\" class=\"elementor-item\">A few words<\/a><\/li>\n<li class=\"menu-item menu-item-type-post_type menu-item-object-page menu-item-4898\"><a href=\"https:\/\/www.pierregoursat.com\/themes\/theme-vie-fraternelle\/enseignements-pierre\/\" title=\"Enseignements de Pierre sur la Vie Fraternelle\" class=\"elementor-item\">Teachings of Pierre<\/a><\/li>\n<li class=\"menu-item menu-item-type-post_type menu-item-object-page menu-item-4897\"><a href=\"https:\/\/www.pierregoursat.com\/themes\/theme-vie-fraternelle\/documents-complementaires\/\" title=\"Documents compl\u00e9mentaires sur la Vie Fraternelle\" class=\"elementor-item\">Additional documents<\/a><\/li>\n<\/ul>\t\t\t<\/nav>\n\t\t\t\t\t<div class=\"elementor-menu-toggle\" role=\"button\" tabindex=\"0\" aria-label=\"Menu Toggle\" aria-expanded=\"false\">\n\t\t\t<i aria-hidden=\"true\" role=\"presentation\" class=\"elementor-menu-toggle__icon--open eicon-menu-bar\"><\/i><i aria-hidden=\"true\" role=\"presentation\" class=\"elementor-menu-toggle__icon--close eicon-close\"><\/i>\t\t<\/div>\n\t\t\t\t\t<nav class=\"elementor-nav-menu--dropdown elementor-nav-menu__container\" aria-hidden=\"true\">\n\t\t\t\t<ul id=\"menu-2-38892d5f\" class=\"elementor-nav-menu\"><li class=\"menu-item menu-item-type-post_type menu-item-object-page menu-item-4899\"><a href=\"https:\/\/www.pierregoursat.com\/themes\/theme-vie-fraternelle\/paroles-de-pierre\/\" title=\"Paroles de Pierre sur la Vie Fraternelle\" class=\"elementor-item\" tabindex=\"-1\">A few words<\/a><\/li>\n<li class=\"menu-item menu-item-type-post_type menu-item-object-page menu-item-4898\"><a href=\"https:\/\/www.pierregoursat.com\/themes\/theme-vie-fraternelle\/enseignements-pierre\/\" title=\"Enseignements de Pierre sur la Vie Fraternelle\" class=\"elementor-item\" tabindex=\"-1\">Teachings of Pierre<\/a><\/li>\n<li class=\"menu-item menu-item-type-post_type menu-item-object-page menu-item-4897\"><a href=\"https:\/\/www.pierregoursat.com\/themes\/theme-vie-fraternelle\/documents-complementaires\/\" title=\"Documents compl\u00e9mentaires sur la Vie Fraternelle\" class=\"elementor-item\" tabindex=\"-1\">Additional documents<\/a><\/li>\n<\/ul>\t\t\t<\/nav>\n\t\t\t\t\t\t<\/div>\n\t\t\t\t<\/div>\n\t\t\t\t\t<\/div>\n\t\t<\/div>\n\t\t\t\t\t<\/div>\n\t\t<\/section>\n\t\t\t\t<section class=\"elementor-section elementor-top-section elementor-element elementor-element-7f49583c elementor-section-content-top elementor-section-boxed elementor-section-height-default elementor-section-height-default\" data-id=\"7f49583c\" data-element_type=\"section\" data-e-type=\"section\">\n\t\t\t\t\t\t<div class=\"elementor-container elementor-column-gap-no\">\n\t\t\t\t\t<div class=\"elementor-column elementor-col-100 elementor-top-column elementor-element elementor-element-28fb8a17\" data-id=\"28fb8a17\" data-element_type=\"column\" data-e-type=\"column\">\n\t\t\t<div class=\"elementor-widget-wrap elementor-element-populated\">\n\t\t\t\t\t\t<div class=\"elementor-element elementor-element-3d4d99a4 elementor-widget elementor-widget-spacer\" data-id=\"3d4d99a4\" data-element_type=\"widget\" data-e-type=\"widget\" data-widget_type=\"spacer.default\">\n\t\t\t\t<div class=\"elementor-widget-container\">\n\t\t\t\t\t\t\t<div class=\"elementor-spacer\">\n\t\t\t<div class=\"elementor-spacer-inner\"><\/div>\n\t\t<\/div>\n\t\t\t\t\t\t<\/div>\n\t\t\t\t<\/div>\n\t\t\t\t<div class=\"elementor-element elementor-element-14647022 elementor-widget elementor-widget-heading\" data-id=\"14647022\" data-element_type=\"widget\" data-e-type=\"widget\" data-widget_type=\"heading.default\">\n\t\t\t\t<div class=\"elementor-widget-container\">\n\t\t\t\t\t<h3 class=\"elementor-heading-title elementor-size-default\">Fraternal life<\/h3>\t\t\t\t<\/div>\n\t\t\t\t<\/div>\n\t\t\t\t<div class=\"elementor-element elementor-element-5db9fc8e elementor-widget elementor-widget-text-editor\" data-id=\"5db9fc8e\" data-element_type=\"widget\" data-e-type=\"widget\" data-widget_type=\"text-editor.default\">\n\t\t\t\t<div class=\"elementor-widget-container\">\n\t\t\t\t\t\t\t\t\t<p>These few words from Pierre Goursat follow a teaching given by Laurent Fabre, head of the Chemin Neuf Community, during one of two summer sessions at Paray-le-Monial, on the subject of \u201cFraternal Love and Community\u201d. Pierre Goursat explains how to go from \u201cPrayer Group to the Community\u201d focusing on the importance of accompanying people. He shares his personal experience of being accompanied, and explains in an illustrative way how to help people move forward.<\/p>\t\t\t\t\t\t\t\t<\/div>\n\t\t\t\t<\/div>\n\t\t\t\t<div class=\"elementor-element elementor-element-1a47e2a8 elementor-widget elementor-widget-ai-element\" data-id=\"1a47e2a8\" data-element_type=\"widget\" data-e-type=\"widget\" data-widget_type=\"ai-element.default\">\n\t\t\t\t<div class=\"elementor-widget-container\">\n\t\t\t\t\t\t\t<div\n\t\t\tid=\"ai-element-1a47e2a8\"\n\t\t\tclass=\"ai-element\"\n\t\t>\n\t\t\t<div id=\"audioigniter-7650\" class=\"audioigniter-root \" data-player-type=\"simple\" data-tracks-url=\"https:\/\/www.pierregoursat.com\/en\/?audioigniter_playlist_id=7650\" data-display-track-no=\"true\" data-reverse-track-order=\"false\" data-display-tracklist-covers=\"true\" data-display-active-cover=\"true\" data-display-artist-names=\"true\" data-display-buy-buttons=\"true\" data-buy-buttons-target=\"true\" data-cycle-tracks=\"false\" data-display-credits=\"false\" data-display-tracklist=\"true\" data-allow-tracklist-toggle=\"true\" data-allow-tracklist-loop=\"true\" data-limit-tracklist-height=\"true\" data-volume=\"100\" data-tracklist-height=\"185\" data-allow-track-loop=\"false\" data-shuffle=\"false\" data-allow-playback-rate=\"false\" data-timer-countdown=\"false\" data-stop-on-finish=\"false\" ><\/div>\t\t<\/div>\n\n\t\t\t<script>\n\t\t\t\tjQuery(document).ready(function () {\n\t\t\t\t\tjQuery(document).trigger('elementor\/render\/ai-element', '#ai-element-1a47e2a8');\n\t\t\t\t});\n\t\t\t<\/script>\n\t\t\t\t\t\t<\/div>\n\t\t\t\t<\/div>\n\t\t\t\t<div class=\"elementor-element elementor-element-434f15eb elementor-icon-list--layout-inline elementor-list-item-link-full_width elementor-widget elementor-widget-icon-list\" data-id=\"434f15eb\" data-element_type=\"widget\" data-e-type=\"widget\" data-widget_type=\"icon-list.default\">\n\t\t\t\t<div class=\"elementor-widget-container\">\n\t\t\t\t\t\t\t<ul class=\"elementor-icon-list-items elementor-inline-items\">\n\t\t\t\t\t\t\t<li class=\"elementor-icon-list-item elementor-inline-item\">\n\t\t\t\t\t\t\t\t\t\t\t<a href=\"https:\/\/www.pierregoursat.com\/asset\/PDF\/enseignementspg\/EN\/07-en-pierregoursat-viefraternelle-1977.pdf\" target=\"_blank\">\n\n\t\t\t\t\t\t\t\t\t\t\t\t<span class=\"elementor-icon-list-icon\">\n\t\t\t\t\t\t\t<i aria-hidden=\"true\" class=\"fas fa-download\"><\/i>\t\t\t\t\t\t<\/span>\n\t\t\t\t\t\t\t\t\t\t<span class=\"elementor-icon-list-text\">DOWNLOAD DOCUMENT<\/span>\n\t\t\t\t\t\t\t\t\t\t\t<\/a>\n\t\t\t\t\t\t\t\t\t<\/li>\n\t\t\t\t\t\t<\/ul>\n\t\t\t\t\t\t<\/div>\n\t\t\t\t<\/div>\n\t\t\t\t<div class=\"elementor-element elementor-element-39be7b82 elementor-widget elementor-widget-spacer\" data-id=\"39be7b82\" data-element_type=\"widget\" data-e-type=\"widget\" data-widget_type=\"spacer.default\">\n\t\t\t\t<div class=\"elementor-widget-container\">\n\t\t\t\t\t\t\t<div class=\"elementor-spacer\">\n\t\t\t<div class=\"elementor-spacer-inner\"><\/div>\n\t\t<\/div>\n\t\t\t\t\t\t<\/div>\n\t\t\t\t<\/div>\n\t\t\t\t\t<\/div>\n\t\t<\/div>\n\t\t\t\t\t<\/div>\n\t\t<\/section>\n\t\t\t\t<section class=\"elementor-section elementor-top-section elementor-element elementor-element-23dd7e49 elementor-section-content-top elementor-section-boxed elementor-section-height-default elementor-section-height-default\" data-id=\"23dd7e49\" data-element_type=\"section\" data-e-type=\"section\">\n\t\t\t\t\t\t<div class=\"elementor-container elementor-column-gap-no\">\n\t\t\t\t\t<div class=\"elementor-column elementor-col-100 elementor-top-column elementor-element elementor-element-1acf58bf\" data-id=\"1acf58bf\" data-element_type=\"column\" data-e-type=\"column\">\n\t\t\t<div class=\"elementor-widget-wrap elementor-element-populated\">\n\t\t\t\t\t\t<div class=\"elementor-element elementor-element-74bb6aa6 elementor-widget elementor-widget-heading\" data-id=\"74bb6aa6\" data-element_type=\"widget\" data-e-type=\"widget\" data-widget_type=\"heading.default\">\n\t\t\t\t<div class=\"elementor-widget-container\">\n\t\t\t\t\t<h3 class=\"elementor-heading-title elementor-size-default\">Exercising charity<\/h3>\t\t\t\t<\/div>\n\t\t\t\t<\/div>\n\t\t\t\t<div class=\"elementor-element elementor-element-774cdbab elementor-widget elementor-widget-text-editor\" data-id=\"774cdbab\" data-element_type=\"widget\" data-e-type=\"widget\" data-widget_type=\"text-editor.default\">\n\t\t\t\t<div class=\"elementor-widget-container\">\n\t\t\t\t\t\t\t\t\t<p>Article signed by Pierre Goursat, laying out the one rule he suggested for the Emmanuel Community: no criticism.<\/p>\t\t\t\t\t\t\t\t<\/div>\n\t\t\t\t<\/div>\n\t\t\t\t<div class=\"elementor-element elementor-element-7f30d66f elementor-icon-list--layout-inline elementor-list-item-link-full_width elementor-widget elementor-widget-icon-list\" data-id=\"7f30d66f\" data-element_type=\"widget\" data-e-type=\"widget\" data-widget_type=\"icon-list.default\">\n\t\t\t\t<div class=\"elementor-widget-container\">\n\t\t\t\t\t\t\t<ul class=\"elementor-icon-list-items elementor-inline-items\">\n\t\t\t\t\t\t\t<li class=\"elementor-icon-list-item elementor-inline-item\">\n\t\t\t\t\t\t\t\t\t\t\t<a href=\"https:\/\/www.pierregoursat.com\/asset\/PDF\/enseignementspg\/EN\/07-en-pierregoursat-viefraternelle-1978.pdf\" target=\"_blank\">\n\n\t\t\t\t\t\t\t\t\t\t\t\t<span class=\"elementor-icon-list-icon\">\n\t\t\t\t\t\t\t<i aria-hidden=\"true\" class=\"fas fa-download\"><\/i>\t\t\t\t\t\t<\/span>\n\t\t\t\t\t\t\t\t\t\t<span class=\"elementor-icon-list-text\">DOWNLOAD DOCUMENT<\/span>\n\t\t\t\t\t\t\t\t\t\t\t<\/a>\n\t\t\t\t\t\t\t\t\t<\/li>\n\t\t\t\t\t\t<\/ul>\n\t\t\t\t\t\t<\/div>\n\t\t\t\t<\/div>\n\t\t\t\t<div class=\"elementor-element elementor-element-bf9df9c elementor-widget elementor-widget-spacer\" data-id=\"bf9df9c\" data-element_type=\"widget\" data-e-type=\"widget\" data-widget_type=\"spacer.default\">\n\t\t\t\t<div class=\"elementor-widget-container\">\n\t\t\t\t\t\t\t<div class=\"elementor-spacer\">\n\t\t\t<div class=\"elementor-spacer-inner\"><\/div>\n\t\t<\/div>\n\t\t\t\t\t\t<\/div>\n\t\t\t\t<\/div>\n\t\t\t\t\t<\/div>\n\t\t<\/div>\n\t\t\t\t\t<\/div>\n\t\t<\/section>\n\t\t\t\t<\/div>\n\t\t","protected":false},"excerpt":{"rendered":"<p>fraternal life Teachings of Pierre Goursaton Fraternal life In translation Fraternal life These few words from Pierre Goursat follow a teaching given by Laurent Fabre, head of the Chemin Neuf Community, during one of two summer sessions at Paray-le-Monial, on the subject of \u201cFraternal Love and Community\u201d. Pierre Goursat explains how to go from \u201cPrayer [&hellip;]<\/p>\n","protected":false},"author":1,"featured_media":0,"parent":4066,"menu_order":0,"comment_status":"closed","ping_status":"closed","template":"","meta":{"_acf_changed":false,"footnotes":""},"class_list":["post-18356","page","type-page","status-publish","hentry"],"acf":[],"yoast_head":"<!-- This site is optimized with the Yoast SEO plugin v27.4 - https:\/\/yoast.com\/product\/yoast-seo-wordpress\/ -->\n<title>Teachings of Pierre on Fraternal life<\/title>\n<meta name=\"robots\" content=\"index, follow, max-snippet:-1, max-image-preview:large, max-video-preview:-1\" \/>\n<link rel=\"canonical\" href=\"https:\/\/www.pierregoursat.com\/en\/topics\/topic-fraternal-life\/teachings-of-pierre-on-fraternal-life\/\" \/>\n<meta property=\"og:locale\" content=\"en_US\" \/>\n<meta property=\"og:type\" content=\"article\" \/>\n<meta property=\"og:title\" content=\"Teachings of Pierre on Fraternal life\" \/>\n<meta property=\"og:description\" content=\"fraternal life Teachings of Pierre Goursaton Fraternal life In translation Fraternal life These few words from Pierre Goursat follow a teaching given by Laurent Fabre, head of the Chemin Neuf Community, during one of two summer sessions at Paray-le-Monial, on the subject of \u201cFraternal Love and Community\u201d. Pierre Goursat explains how to go from \u201cPrayer [&hellip;]\" \/>\n<meta property=\"og:url\" content=\"https:\/\/www.pierregoursat.com\/en\/topics\/topic-fraternal-life\/teachings-of-pierre-on-fraternal-life\/\" \/>\n<meta property=\"og:site_name\" content=\"Pierre Goursat et Ses Fr\u00e8res et Soeurs\" \/>\n<meta property=\"article:modified_time\" content=\"2023-12-19T10:50:17+00:00\" \/>\n<meta name=\"twitter:card\" content=\"summary_large_image\" \/>\n<meta name=\"twitter:label1\" content=\"Est. reading time\" \/>\n\t<meta name=\"twitter:data1\" content=\"1 minute\" \/>\n<script type=\"application\/ld+json\" class=\"yoast-schema-graph\">{\"@context\":\"https:\\\/\\\/schema.org\",\"@graph\":[{\"@type\":\"WebPage\",\"@id\":\"https:\\\/\\\/www.pierregoursat.com\\\/en\\\/topics\\\/topic-fraternal-life\\\/teachings-of-pierre-on-fraternal-life\\\/\",\"url\":\"https:\\\/\\\/www.pierregoursat.com\\\/en\\\/topics\\\/topic-fraternal-life\\\/teachings-of-pierre-on-fraternal-life\\\/\",\"name\":\"Teachings of Pierre on Fraternal life\",\"isPartOf\":{\"@id\":\"https:\\\/\\\/www.pierregoursat.com\\\/#website\"},\"datePublished\":\"2021-07-01T14:00:33+00:00\",\"dateModified\":\"2023-12-19T10:50:17+00:00\",\"breadcrumb\":{\"@id\":\"https:\\\/\\\/www.pierregoursat.com\\\/en\\\/topics\\\/topic-fraternal-life\\\/teachings-of-pierre-on-fraternal-life\\\/#breadcrumb\"},\"inLanguage\":\"en-US\",\"potentialAction\":[{\"@type\":\"ReadAction\",\"target\":[\"https:\\\/\\\/www.pierregoursat.com\\\/en\\\/topics\\\/topic-fraternal-life\\\/teachings-of-pierre-on-fraternal-life\\\/\"]}]},{\"@type\":\"BreadcrumbList\",\"@id\":\"https:\\\/\\\/www.pierregoursat.com\\\/en\\\/topics\\\/topic-fraternal-life\\\/teachings-of-pierre-on-fraternal-life\\\/#breadcrumb\",\"itemListElement\":[{\"@type\":\"ListItem\",\"position\":1,\"name\":\"Accueil\",\"item\":\"https:\\\/\\\/www.pierregoursat.com\\\/de\\\/\"},{\"@type\":\"ListItem\",\"position\":2,\"name\":\"Topics\",\"item\":\"https:\\\/\\\/www.pierregoursat.com\\\/en\\\/topics\\\/\"},{\"@type\":\"ListItem\",\"position\":3,\"name\":\"Fraternal life\",\"item\":\"https:\\\/\\\/www.pierregoursat.com\\\/themes\\\/theme-vie-fraternelle\\\/\"},{\"@type\":\"ListItem\",\"position\":4,\"name\":\"Teachings of Pierre\"}]},{\"@type\":\"WebSite\",\"@id\":\"https:\\\/\\\/www.pierregoursat.com\\\/#website\",\"url\":\"https:\\\/\\\/www.pierregoursat.com\\\/\",\"name\":\"Pierre Goursat et Ses Fr\u00e8res et Soeurs\",\"description\":\"Laissez vous transformer en plongeant au c\u0153ur de la gr\u00e2ce fondatrice de la communaut\u00e9 de l\u2019Emmanuel\",\"publisher\":{\"@id\":\"https:\\\/\\\/www.pierregoursat.com\\\/#organization\"},\"potentialAction\":[{\"@type\":\"SearchAction\",\"target\":{\"@type\":\"EntryPoint\",\"urlTemplate\":\"https:\\\/\\\/www.pierregoursat.com\\\/?s={search_term_string}\"},\"query-input\":{\"@type\":\"PropertyValueSpecification\",\"valueRequired\":true,\"valueName\":\"search_term_string\"}}],\"inLanguage\":\"en-US\"},{\"@type\":\"Organization\",\"@id\":\"https:\\\/\\\/www.pierregoursat.com\\\/#organization\",\"name\":\"Pierre Goursat, ses Fr\u00e8res et ses Soeurs\",\"url\":\"https:\\\/\\\/www.pierregoursat.com\\\/\",\"logo\":{\"@type\":\"ImageObject\",\"inLanguage\":\"en-US\",\"@id\":\"https:\\\/\\\/www.pierregoursat.com\\\/#\\\/schema\\\/logo\\\/image\\\/\",\"url\":\"https:\\\/\\\/www.pierregoursat.com\\\/images-pierre-goursatmedias\\\/2022\\\/02\\\/1200x800-Compassion.jpg\",\"contentUrl\":\"https:\\\/\\\/www.pierregoursat.com\\\/images-pierre-goursatmedias\\\/2022\\\/02\\\/1200x800-Compassion.jpg\",\"width\":1200,\"height\":800,\"caption\":\"Pierre Goursat, ses Fr\u00e8res et ses Soeurs\"},\"image\":{\"@id\":\"https:\\\/\\\/www.pierregoursat.com\\\/#\\\/schema\\\/logo\\\/image\\\/\"}}]}<\/script>\n<!-- \/ Yoast SEO plugin. -->","yoast_head_json":{"title":"Teachings of Pierre on Fraternal life","robots":{"index":"index","follow":"follow","max-snippet":"max-snippet:-1","max-image-preview":"max-image-preview:large","max-video-preview":"max-video-preview:-1"},"canonical":"https:\/\/www.pierregoursat.com\/en\/topics\/topic-fraternal-life\/teachings-of-pierre-on-fraternal-life\/","og_locale":"en_US","og_type":"article","og_title":"Teachings of Pierre on Fraternal life","og_description":"fraternal life Teachings of Pierre Goursaton Fraternal life In translation Fraternal life These few words from Pierre Goursat follow a teaching given by Laurent Fabre, head of the Chemin Neuf Community, during one of two summer sessions at Paray-le-Monial, on the subject of \u201cFraternal Love and Community\u201d. Pierre Goursat explains how to go from \u201cPrayer [&hellip;]","og_url":"https:\/\/www.pierregoursat.com\/en\/topics\/topic-fraternal-life\/teachings-of-pierre-on-fraternal-life\/","og_site_name":"Pierre Goursat et Ses Fr\u00e8res et Soeurs","article_modified_time":"2023-12-19T10:50:17+00:00","twitter_card":"summary_large_image","twitter_misc":{"Est. reading time":"1 minute"},"schema":{"@context":"https:\/\/schema.org","@graph":[{"@type":"WebPage","@id":"https:\/\/www.pierregoursat.com\/en\/topics\/topic-fraternal-life\/teachings-of-pierre-on-fraternal-life\/","url":"https:\/\/www.pierregoursat.com\/en\/topics\/topic-fraternal-life\/teachings-of-pierre-on-fraternal-life\/","name":"Teachings of Pierre on Fraternal life","isPartOf":{"@id":"https:\/\/www.pierregoursat.com\/#website"},"datePublished":"2021-07-01T14:00:33+00:00","dateModified":"2023-12-19T10:50:17+00:00","breadcrumb":{"@id":"https:\/\/www.pierregoursat.com\/en\/topics\/topic-fraternal-life\/teachings-of-pierre-on-fraternal-life\/#breadcrumb"},"inLanguage":"en-US","potentialAction":[{"@type":"ReadAction","target":["https:\/\/www.pierregoursat.com\/en\/topics\/topic-fraternal-life\/teachings-of-pierre-on-fraternal-life\/"]}]},{"@type":"BreadcrumbList","@id":"https:\/\/www.pierregoursat.com\/en\/topics\/topic-fraternal-life\/teachings-of-pierre-on-fraternal-life\/#breadcrumb","itemListElement":[{"@type":"ListItem","position":1,"name":"Accueil","item":"https:\/\/www.pierregoursat.com\/de\/"},{"@type":"ListItem","position":2,"name":"Topics","item":"https:\/\/www.pierregoursat.com\/en\/topics\/"},{"@type":"ListItem","position":3,"name":"Fraternal life","item":"https:\/\/www.pierregoursat.com\/themes\/theme-vie-fraternelle\/"},{"@type":"ListItem","position":4,"name":"Teachings of Pierre"}]},{"@type":"WebSite","@id":"https:\/\/www.pierregoursat.com\/#website","url":"https:\/\/www.pierregoursat.com\/","name":"Pierre Goursat et Ses Fr\u00e8res et Soeurs","description":"Laissez vous transformer en plongeant au c\u0153ur de la gr\u00e2ce fondatrice de la communaut\u00e9 de l\u2019Emmanuel","publisher":{"@id":"https:\/\/www.pierregoursat.com\/#organization"},"potentialAction":[{"@type":"SearchAction","target":{"@type":"EntryPoint","urlTemplate":"https:\/\/www.pierregoursat.com\/?s={search_term_string}"},"query-input":{"@type":"PropertyValueSpecification","valueRequired":true,"valueName":"search_term_string"}}],"inLanguage":"en-US"},{"@type":"Organization","@id":"https:\/\/www.pierregoursat.com\/#organization","name":"Pierre Goursat, ses Fr\u00e8res et ses Soeurs","url":"https:\/\/www.pierregoursat.com\/","logo":{"@type":"ImageObject","inLanguage":"en-US","@id":"https:\/\/www.pierregoursat.com\/#\/schema\/logo\/image\/","url":"https:\/\/www.pierregoursat.com\/images-pierre-goursatmedias\/2022\/02\/1200x800-Compassion.jpg","contentUrl":"https:\/\/www.pierregoursat.com\/images-pierre-goursatmedias\/2022\/02\/1200x800-Compassion.jpg","width":1200,"height":800,"caption":"Pierre Goursat, ses Fr\u00e8res et ses Soeurs"},"image":{"@id":"https:\/\/www.pierregoursat.com\/#\/schema\/logo\/image\/"}}]}},"_links":{"self":[{"href":"https:\/\/www.pierregoursat.com\/en\/wp-json\/wp\/v2\/pages\/18356","targetHints":{"allow":["GET"]}}],"collection":[{"href":"https:\/\/www.pierregoursat.com\/en\/wp-json\/wp\/v2\/pages"}],"about":[{"href":"https:\/\/www.pierregoursat.com\/en\/wp-json\/wp\/v2\/types\/page"}],"author":[{"embeddable":true,"href":"https:\/\/www.pierregoursat.com\/en\/wp-json\/wp\/v2\/users\/1"}],"replies":[{"embeddable":true,"href":"https:\/\/www.pierregoursat.com\/en\/wp-json\/wp\/v2\/comments?post=18356"}],"version-history":[{"count":0,"href":"https:\/\/www.pierregoursat.com\/en\/wp-json\/wp\/v2\/pages\/18356\/revisions"}],"up":[{"embeddable":true,"href":"https:\/\/www.pierregoursat.com\/en\/wp-json\/wp\/v2\/pages\/4066"}],"wp:attachment":[{"href":"https:\/\/www.pierregoursat.com\/en\/wp-json\/wp\/v2\/media?parent=18356"}],"curies":[{"name":"wp","href":"https:\/\/api.w.org\/{rel}","templated":true}]}}